{"id":106,"date":"2013-02-19T09:01:51","date_gmt":"2013-02-19T08:01:51","guid":{"rendered":"http:\/\/www.comicclub.it\/?page_id=106"},"modified":"2016-05-07T14:06:55","modified_gmt":"2016-05-07T12:06:55","slug":"laboratorio-giovani","status":"publish","type":"page","link":"https:\/\/www.comicclub.it\/index.php\/laboratorio-giovani\/","title":{"rendered":"Lab Giovani"},"content":{"rendered":"<p style=\"text-align: justify;\">Da qualche anno stiamo organizzando\u00a0con successo\u00a0diversi\u00a0laboratori teatrali per i ragazzi. Il fine di tali progetti non \u00e8 solo lo spettacolo in s\u00e8 e per s\u00e8, che comunque fa parte del progetto e gratifica i partecipanti, ma piuttosto il percorso che i ragazzi fanno, che li porta a scoprire capacit\u00e0 espressive, doti creative e comunicative, spesso sconosciute a loro stessi, che poi diventeranno parte integrante del bagaglio culturale di\u00a0ognuno di loro.<\/p>\n<p style=\"text-align: justify;\">Aggiungiamo che il coinvolgimento dei ragazzi di et\u00e0 compresa tra i 6 e i 18 anni in attivit\u00e0 di questo tipo, sottrae tempo ad attivit\u00e0 distruttive o a pomeriggi apatici trascorsi davanti alla tv o al computer, in assoluta solitudine. Il lavoro del teatro insegna \u00a0l\u2019autocontrollo, la disciplina e il rispetto dell\u2019altro.<\/p>\n<p style=\"text-align: justify;\">L\u2019animazione teatrale \u00e8 un mezzo che genera emozioni positive e favorisce il dialogo, crea momenti di vera aggregazione, insegna il lavoro di gruppo, migliora la consapevolezza di s\u00e8 e il rapporto, spesso problematico, con il proprio corpo e il rispetto di\u00a0quello degli altri, permettendo di raggiungere obiettivi non sempre perseguibili con la sola attivit\u00e0 scolastica.<\/p>\n<p><iframe loading=\"lazy\" title=\"Intermezzi musicali tra gli sketch\" width=\"584\" height=\"329\" src=\"https:\/\/www.youtube.com\/embed\/kC87Gd9w_AA?start=2&#038;feature=oembed\" frameborder=\"0\" allow=\"accelerometer; autoplay; clipboard-write; encrypted-media; gyroscope; picture-in-picture; web-share\" referrerpolicy=\"strict-origin-when-cross-origin\" allowfullscreen><\/iframe><\/p>\n<p style=\"text-align: justify;\">Anche quest\u2019anno si organizzeranno laboratori teatrali per ragazzi,\u00a0che comprenderanno:<\/p>\n<ol style=\"text-align: justify;\">\n<li>corsi di recitazione<\/li>\n<li>corsi di musica e canto<\/li>\n<li>laboratori di scenografia<\/li>\n<li>laboratori di espressione del corpo (coreografie)<\/li>\n<\/ol>\n<p style=\"text-align: justify;\">Attraverso la finzione teatrale, i ragazzi\u00a0sperimenteranno la possibilit\u00e0 di esprimersi e di comunicare attraverso un linguaggio nuovo, che coinvolger\u00e0 il corpo, la voce, i gesti e l\u2019anima\u2026<\/p>\n\n\t\t<style type=\"text\/css\">\n\t\t\t#gallery-1 {\n\t\t\t\tmargin: auto;\n\t\t\t}\n\t\t\t#gallery-1 .gallery-item {\n\t\t\t\tfloat: left;\n\t\t\t\tmargin-top: 10px;\n\t\t\t\ttext-align: center;\n\t\t\t\twidth: 33%;\n\t\t\t}\n\t\t\t#gallery-1 img {\n\t\t\t\tborder: 2px solid #cfcfcf;\n\t\t\t}\n\t\t\t#gallery-1 .gallery-caption {\n\t\t\t\tmargin-left: 0;\n\t\t\t}\n\t\t\t\/* see gallery_shortcode() in wp-includes\/media.php *\/\n\t\t<\/style>\n\t\t<div id='gallery-1' class='gallery galleryid-106 gallery-columns-3 gallery-size-thumbnail'><dl class='gallery-item'>\n\t\t\t<dt class='gallery-icon landscape'>\n\t\t\t\t<a href='https:\/\/www.comicclub.it\/wp-content\/uploads\/2013\/02\/thriller1.jpg' title=\"\" data-rl_title=\"\" class=\"rl-gallery-link\" data-rl_caption=\"\" data-rel=\"lightbox-gallery-1\"><img loading=\"lazy\" decoding=\"async\" width=\"150\" height=\"150\" src=\"https:\/\/www.comicclub.it\/wp-content\/uploads\/2013\/02\/thriller1-150x150.jpg\" class=\"attachment-thumbnail size-thumbnail\" alt=\"\" \/><\/a>\n\t\t\t<\/dt><\/dl><dl class='gallery-item'>\n\t\t\t<dt class='gallery-icon landscape'>\n\t\t\t\t<a href='https:\/\/www.comicclub.it\/wp-content\/uploads\/2013\/02\/thriller3.jpg' title=\"\" data-rl_title=\"\" class=\"rl-gallery-link\" data-rl_caption=\"\" data-rel=\"lightbox-gallery-1\"><img loading=\"lazy\" decoding=\"async\" width=\"150\" height=\"150\" src=\"https:\/\/www.comicclub.it\/wp-content\/uploads\/2013\/02\/thriller3-150x150.jpg\" class=\"attachment-thumbnail size-thumbnail\" alt=\"\" \/><\/a>\n\t\t\t<\/dt><\/dl><dl class='gallery-item'>\n\t\t\t<dt class='gallery-icon landscape'>\n\t\t\t\t<a href='https:\/\/www.comicclub.it\/wp-content\/uploads\/2013\/02\/thriller5.jpg' title=\"\" data-rl_title=\"\" class=\"rl-gallery-link\" data-rl_caption=\"\" data-rel=\"lightbox-gallery-1\"><img loading=\"lazy\" decoding=\"async\" width=\"150\" height=\"150\" src=\"https:\/\/www.comicclub.it\/wp-content\/uploads\/2013\/02\/thriller5-150x150.jpg\" class=\"attachment-thumbnail size-thumbnail\" alt=\"\" \/><\/a>\n\t\t\t<\/dt><\/dl><br style=\"clear: both\" \/><dl class='gallery-item'>\n\t\t\t<dt class='gallery-icon landscape'>\n\t\t\t\t<a href='https:\/\/www.comicclub.it\/wp-content\/uploads\/2013\/02\/thriller2.jpg' title=\"\" data-rl_title=\"\" class=\"rl-gallery-link\" data-rl_caption=\"\" data-rel=\"lightbox-gallery-1\"><img loading=\"lazy\" decoding=\"async\" width=\"150\" height=\"150\" src=\"https:\/\/www.comicclub.it\/wp-content\/uploads\/2013\/02\/thriller2-150x150.jpg\" class=\"attachment-thumbnail size-thumbnail\" alt=\"\" \/><\/a>\n\t\t\t<\/dt><\/dl><dl class='gallery-item'>\n\t\t\t<dt class='gallery-icon landscape'>\n\t\t\t\t<a href='https:\/\/www.comicclub.it\/wp-content\/uploads\/2013\/02\/thriller4.jpg' title=\"\" data-rl_title=\"\" class=\"rl-gallery-link\" data-rl_caption=\"\" data-rel=\"lightbox-gallery-1\"><img loading=\"lazy\" decoding=\"async\" width=\"150\" height=\"150\" src=\"https:\/\/www.comicclub.it\/wp-content\/uploads\/2013\/02\/thriller4-150x150.jpg\" class=\"attachment-thumbnail size-thumbnail\" alt=\"\" \/><\/a>\n\t\t\t<\/dt><\/dl><dl class='gallery-item'>\n\t\t\t<dt class='gallery-icon landscape'>\n\t\t\t\t<a href='https:\/\/www.comicclub.it\/wp-content\/uploads\/2013\/02\/thriller6.jpg' title=\"\" data-rl_title=\"\" class=\"rl-gallery-link\" data-rl_caption=\"\" data-rel=\"lightbox-gallery-1\"><img loading=\"lazy\" decoding=\"async\" width=\"150\" height=\"150\" src=\"https:\/\/www.comicclub.it\/wp-content\/uploads\/2013\/02\/thriller6-150x150.jpg\" class=\"attachment-thumbnail size-thumbnail\" alt=\"\" \/><\/a>\n\t\t\t<\/dt><\/dl><br style=\"clear: both\" \/><dl class='gallery-item'>\n\t\t\t<dt class='gallery-icon landscape'>\n\t\t\t\t<a href='https:\/\/www.comicclub.it\/wp-content\/uploads\/2013\/02\/junior_2.jpg' title=\"\" data-rl_title=\"\" class=\"rl-gallery-link\" data-rl_caption=\"\" data-rel=\"lightbox-gallery-1\"><img loading=\"lazy\" decoding=\"async\" width=\"150\" height=\"150\" src=\"https:\/\/www.comicclub.it\/wp-content\/uploads\/2013\/02\/junior_2-150x150.jpg\" class=\"attachment-thumbnail size-thumbnail\" alt=\"\" \/><\/a>\n\t\t\t<\/dt><\/dl><dl class='gallery-item'>\n\t\t\t<dt class='gallery-icon landscape'>\n\t\t\t\t<a href='https:\/\/www.comicclub.it\/wp-content\/uploads\/2013\/02\/junior_1.jpg' title=\"\" data-rl_title=\"\" class=\"rl-gallery-link\" data-rl_caption=\"\" data-rel=\"lightbox-gallery-1\"><img loading=\"lazy\" decoding=\"async\" width=\"150\" height=\"150\" src=\"https:\/\/www.comicclub.it\/wp-content\/uploads\/2013\/02\/junior_1-150x150.jpg\" class=\"attachment-thumbnail size-thumbnail\" alt=\"\" \/><\/a>\n\t\t\t<\/dt><\/dl><dl class='gallery-item'>\n\t\t\t<dt class='gallery-icon landscape'>\n\t\t\t\t<a href='https:\/\/www.comicclub.it\/wp-content\/uploads\/2013\/02\/junior_3.jpg' title=\"\" data-rl_title=\"\" class=\"rl-gallery-link\" data-rl_caption=\"\" data-rel=\"lightbox-gallery-1\"><img loading=\"lazy\" decoding=\"async\" width=\"150\" height=\"150\" src=\"https:\/\/www.comicclub.it\/wp-content\/uploads\/2013\/02\/junior_3-150x150.jpg\" class=\"attachment-thumbnail size-thumbnail\" alt=\"\" \/><\/a>\n\t\t\t<\/dt><\/dl><br style=\"clear: both\" \/><dl class='gallery-item'>\n\t\t\t<dt class='gallery-icon landscape'>\n\t\t\t\t<a href='https:\/\/www.comicclub.it\/wp-content\/uploads\/2013\/02\/junior_4.jpg' title=\"\" data-rl_title=\"\" class=\"rl-gallery-link\" data-rl_caption=\"\" data-rel=\"lightbox-gallery-1\"><img loading=\"lazy\" decoding=\"async\" width=\"150\" height=\"150\" src=\"https:\/\/www.comicclub.it\/wp-content\/uploads\/2013\/02\/junior_4-150x150.jpg\" class=\"attachment-thumbnail size-thumbnail\" alt=\"\" \/><\/a>\n\t\t\t<\/dt><\/dl><dl class='gallery-item'>\n\t\t\t<dt class='gallery-icon landscape'>\n\t\t\t\t<a href='https:\/\/www.comicclub.it\/wp-content\/uploads\/2013\/02\/junior_5.jpg' title=\"\" data-rl_title=\"\" class=\"rl-gallery-link\" data-rl_caption=\"\" data-rel=\"lightbox-gallery-1\"><img loading=\"lazy\" decoding=\"async\" width=\"150\" height=\"150\" src=\"https:\/\/www.comicclub.it\/wp-content\/uploads\/2013\/02\/junior_5-150x150.jpg\" class=\"attachment-thumbnail size-thumbnail\" alt=\"\" \/><\/a>\n\t\t\t<\/dt><\/dl><dl class='gallery-item'>\n\t\t\t<dt class='gallery-icon portrait'>\n\t\t\t\t<a href='https:\/\/www.comicclub.it\/wp-content\/uploads\/2013\/02\/junior_9.jpg' title=\"\" data-rl_title=\"\" class=\"rl-gallery-link\" data-rl_caption=\"\" data-rel=\"lightbox-gallery-1\"><img loading=\"lazy\" decoding=\"async\" width=\"150\" height=\"150\" src=\"https:\/\/www.comicclub.it\/wp-content\/uploads\/2013\/02\/junior_9-150x150.jpg\" class=\"attachment-thumbnail size-thumbnail\" alt=\"\" \/><\/a>\n\t\t\t<\/dt><\/dl><br style=\"clear: both\" \/><dl class='gallery-item'>\n\t\t\t<dt class='gallery-icon landscape'>\n\t\t\t\t<a href='https:\/\/www.comicclub.it\/wp-content\/uploads\/2013\/02\/junior_6.jpg' title=\"\" data-rl_title=\"\" class=\"rl-gallery-link\" data-rl_caption=\"\" data-rel=\"lightbox-gallery-1\"><img loading=\"lazy\" decoding=\"async\" width=\"150\" height=\"150\" src=\"https:\/\/www.comicclub.it\/wp-content\/uploads\/2013\/02\/junior_6-150x150.jpg\" class=\"attachment-thumbnail size-thumbnail\" alt=\"\" \/><\/a>\n\t\t\t<\/dt><\/dl><dl class='gallery-item'>\n\t\t\t<dt class='gallery-icon landscape'>\n\t\t\t\t<a href='https:\/\/www.comicclub.it\/wp-content\/uploads\/2013\/02\/junior_7.jpg' title=\"\" data-rl_title=\"\" class=\"rl-gallery-link\" data-rl_caption=\"\" data-rel=\"lightbox-gallery-1\"><img loading=\"lazy\" decoding=\"async\" width=\"150\" height=\"150\" src=\"https:\/\/www.comicclub.it\/wp-content\/uploads\/2013\/02\/junior_7-150x150.jpg\" class=\"attachment-thumbnail size-thumbnail\" alt=\"\" \/><\/a>\n\t\t\t<\/dt><\/dl><dl class='gallery-item'>\n\t\t\t<dt class='gallery-icon landscape'>\n\t\t\t\t<a href='https:\/\/www.comicclub.it\/wp-content\/uploads\/2013\/02\/messicani1.jpg' title=\"\" data-rl_title=\"\" class=\"rl-gallery-link\" data-rl_caption=\"\" data-rel=\"lightbox-gallery-1\"><img loading=\"lazy\" decoding=\"async\" width=\"150\" height=\"150\" src=\"https:\/\/www.comicclub.it\/wp-content\/uploads\/2013\/02\/messicani1-150x150.jpg\" class=\"attachment-thumbnail size-thumbnail\" alt=\"\" \/><\/a>\n\t\t\t<\/dt><\/dl><br style=\"clear: both\" \/><dl class='gallery-item'>\n\t\t\t<dt class='gallery-icon landscape'>\n\t\t\t\t<a href='https:\/\/www.comicclub.it\/wp-content\/uploads\/2013\/02\/messicani_2.jpg' title=\"\" data-rl_title=\"\" class=\"rl-gallery-link\" data-rl_caption=\"\" data-rel=\"lightbox-gallery-1\"><img loading=\"lazy\" decoding=\"async\" width=\"150\" height=\"150\" src=\"https:\/\/www.comicclub.it\/wp-content\/uploads\/2013\/02\/messicani_2-150x150.jpg\" class=\"attachment-thumbnail size-thumbnail\" alt=\"\" \/><\/a>\n\t\t\t<\/dt><\/dl><dl class='gallery-item'>\n\t\t\t<dt class='gallery-icon landscape'>\n\t\t\t\t<a href='https:\/\/www.comicclub.it\/wp-content\/uploads\/2013\/02\/junior_13.jpg' title=\"\" data-rl_title=\"\" class=\"rl-gallery-link\" data-rl_caption=\"\" data-rel=\"lightbox-gallery-1\"><img loading=\"lazy\" decoding=\"async\" width=\"150\" height=\"150\" src=\"https:\/\/www.comicclub.it\/wp-content\/uploads\/2013\/02\/junior_13-150x150.jpg\" class=\"attachment-thumbnail size-thumbnail\" alt=\"\" \/><\/a>\n\t\t\t<\/dt><\/dl><dl class='gallery-item'>\n\t\t\t<dt class='gallery-icon landscape'>\n\t\t\t\t<a href='https:\/\/www.comicclub.it\/wp-content\/uploads\/2013\/02\/junior_11.jpg' title=\"\" data-rl_title=\"\" class=\"rl-gallery-link\" data-rl_caption=\"\" data-rel=\"lightbox-gallery-1\"><img loading=\"lazy\" decoding=\"async\" width=\"150\" height=\"150\" src=\"https:\/\/www.comicclub.it\/wp-content\/uploads\/2013\/02\/junior_11-150x150.jpg\" class=\"attachment-thumbnail size-thumbnail\" alt=\"\" \/><\/a>\n\t\t\t<\/dt><\/dl><br style=\"clear: both\" \/><dl class='gallery-item'>\n\t\t\t<dt class='gallery-icon landscape'>\n\t\t\t\t<a href='https:\/\/www.comicclub.it\/wp-content\/uploads\/2013\/02\/junior_8.jpg' title=\"\" data-rl_title=\"\" class=\"rl-gallery-link\" data-rl_caption=\"\" data-rel=\"lightbox-gallery-1\"><img loading=\"lazy\" decoding=\"async\" width=\"150\" height=\"150\" src=\"https:\/\/www.comicclub.it\/wp-content\/uploads\/2013\/02\/junior_8-150x150.jpg\" class=\"attachment-thumbnail size-thumbnail\" alt=\"\" \/><\/a>\n\t\t\t<\/dt><\/dl><dl class='gallery-item'>\n\t\t\t<dt class='gallery-icon landscape'>\n\t\t\t\t<a href='https:\/\/www.comicclub.it\/wp-content\/uploads\/2013\/02\/junior_15.jpg' title=\"\" data-rl_title=\"\" class=\"rl-gallery-link\" data-rl_caption=\"\" data-rel=\"lightbox-gallery-1\"><img loading=\"lazy\" decoding=\"async\" width=\"150\" height=\"150\" src=\"https:\/\/www.comicclub.it\/wp-content\/uploads\/2013\/02\/junior_15-150x150.jpg\" class=\"attachment-thumbnail size-thumbnail\" alt=\"\" \/><\/a>\n\t\t\t<\/dt><\/dl><dl class='gallery-item'>\n\t\t\t<dt class='gallery-icon landscape'>\n\t\t\t\t<a href='https:\/\/www.comicclub.it\/wp-content\/uploads\/2013\/02\/Prosa-teatro.jpg' title=\"\" data-rl_title=\"\" class=\"rl-gallery-link\" data-rl_caption=\"\" data-rel=\"lightbox-gallery-1\"><img loading=\"lazy\" decoding=\"async\" width=\"150\" height=\"150\" src=\"https:\/\/www.comicclub.it\/wp-content\/uploads\/2013\/02\/Prosa-teatro-150x150.jpg\" class=\"attachment-thumbnail size-thumbnail\" alt=\"\" \/><\/a>\n\t\t\t<\/dt><\/dl><br style=\"clear: both\" \/><dl class='gallery-item'>\n\t\t\t<dt class='gallery-icon landscape'>\n\t\t\t\t<a href='https:\/\/www.comicclub.it\/wp-content\/uploads\/2013\/02\/live-ste-e-giuli.jpg' title=\"\" data-rl_title=\"\" class=\"rl-gallery-link\" data-rl_caption=\"\" data-rel=\"lightbox-gallery-1\"><img loading=\"lazy\" decoding=\"async\" width=\"150\" height=\"150\" src=\"https:\/\/www.comicclub.it\/wp-content\/uploads\/2013\/02\/live-ste-e-giuli-150x150.jpg\" class=\"attachment-thumbnail size-thumbnail\" alt=\"\" \/><\/a>\n\t\t\t<\/dt><\/dl><dl class='gallery-item'>\n\t\t\t<dt class='gallery-icon landscape'>\n\t\t\t\t<a href='https:\/\/www.comicclub.it\/wp-content\/uploads\/2013\/02\/mimo-giovani.jpg' title=\"\" data-rl_title=\"\" class=\"rl-gallery-link\" data-rl_caption=\"\" data-rel=\"lightbox-gallery-1\"><img loading=\"lazy\" decoding=\"async\" width=\"150\" height=\"150\" src=\"https:\/\/www.comicclub.it\/wp-content\/uploads\/2013\/02\/mimo-giovani-150x150.jpg\" class=\"attachment-thumbnail size-thumbnail\" alt=\"\" \/><\/a>\n\t\t\t<\/dt><\/dl><dl class='gallery-item'>\n\t\t\t<dt class='gallery-icon portrait'>\n\t\t\t\t<a href='https:\/\/www.comicclub.it\/wp-content\/uploads\/2013\/02\/mimo-giovani_2.jpg' title=\"\" data-rl_title=\"\" class=\"rl-gallery-link\" data-rl_caption=\"\" data-rel=\"lightbox-gallery-1\"><img loading=\"lazy\" decoding=\"async\" width=\"150\" height=\"150\" src=\"https:\/\/www.comicclub.it\/wp-content\/uploads\/2013\/02\/mimo-giovani_2-150x150.jpg\" class=\"attachment-thumbnail size-thumbnail\" alt=\"\" \/><\/a>\n\t\t\t<\/dt><\/dl><br style=\"clear: both\" \/>\n\t\t<\/div>\n\n","protected":false},"excerpt":{"rendered":"<p>Da qualche anno stiamo organizzando\u00a0con successo\u00a0diversi\u00a0laboratori teatrali per i ragazzi. Il fine di tali progetti non \u00e8 solo lo spettacolo in s\u00e8 e per s\u00e8, che comunque fa parte del progetto e gratifica i partecipanti, ma piuttosto il percorso che &hellip; <a href=\"https:\/\/www.comicclub.it\/index.php\/laboratorio-giovani\/\">Continua a leggere<span class=\"meta-nav\">&rarr;<\/span><\/a><\/p>\n","protected":false},"author":2,"featured_media":0,"parent":0,"menu_order":7,"comment_status":"closed","ping_status":"closed","template":"","meta":{"footnotes":""},"class_list":["post-106","page","type-page","status-publish","hentry"],"_links":{"self":[{"href":"https:\/\/www.comicclub.it\/index.php\/wp-json\/wp\/v2\/pages\/106","targetHints":{"allow":["GET"]}}],"collection":[{"href":"https:\/\/www.comicclub.it\/index.php\/wp-json\/wp\/v2\/pages"}],"about":[{"href":"https:\/\/www.comicclub.it\/index.php\/wp-json\/wp\/v2\/types\/page"}],"author":[{"embeddable":true,"href":"https:\/\/www.comicclub.it\/index.php\/wp-json\/wp\/v2\/users\/2"}],"replies":[{"embeddable":true,"href":"https:\/\/www.comicclub.it\/index.php\/wp-json\/wp\/v2\/comments?post=106"}],"version-history":[{"count":14,"href":"https:\/\/www.comicclub.it\/index.php\/wp-json\/wp\/v2\/pages\/106\/revisions"}],"predecessor-version":[{"id":115,"href":"https:\/\/www.comicclub.it\/index.php\/wp-json\/wp\/v2\/pages\/106\/revisions\/115"}],"wp:attachment":[{"href":"https:\/\/www.comicclub.it\/index.php\/wp-json\/wp\/v2\/media?parent=106"}],"curies":[{"name":"wp","href":"https:\/\/api.w.org\/{rel}","templated":true}]}}