{"id":13,"date":"2013-02-18T12:19:36","date_gmt":"2013-02-18T11:19:36","guid":{"rendered":"http:\/\/www.comicclub.it\/?page_id=13"},"modified":"2018-02-07T06:57:34","modified_gmt":"2018-02-07T05:57:34","slug":"chi-siamo","status":"publish","type":"page","link":"https:\/\/www.comicclub.it\/index.php\/chi-siamo\/","title":{"rendered":"Chi siamo"},"content":{"rendered":"<p style=\"text-align: justify;\"><a href=\"http:\/\/www.comicclub.it\/wp-content\/uploads\/2013\/02\/cartello-quadrato.jpg\" data-rel=\"lightbox-image-0\" data-rl_title=\"\" data-rl_caption=\"\" title=\"\"><img loading=\"lazy\" decoding=\"async\" class=\"alignright size-medium wp-image-312\" src=\"http:\/\/www.comicclub.it\/wp-content\/uploads\/2013\/02\/cartello-quadrato-300x300.jpg\" alt=\"cartello quadrato\" width=\"300\" height=\"300\" srcset=\"https:\/\/www.comicclub.it\/wp-content\/uploads\/2013\/02\/cartello-quadrato-300x300.jpg 300w, https:\/\/www.comicclub.it\/wp-content\/uploads\/2013\/02\/cartello-quadrato-150x150.jpg 150w, https:\/\/www.comicclub.it\/wp-content\/uploads\/2013\/02\/cartello-quadrato.jpg 618w\" sizes=\"auto, (max-width: 300px) 100vw, 300px\" \/><\/a>Il laboratorio teatrale\u00a0Comic Club\u00a0nasce nel 2006 a Vicobarone, piccolo borgo della Val Tidone, sui colli piacentini, dall\u2019idea di un gruppo di amici, accomunati dalla passione per il teatro e da valori forti come l\u2019amicizia e la solidariet\u00e0, guidati da\u00a0Graziano Arlenghi, regista e fondatore del gruppo che, dopo aver maturato 20 anni di esperienza nel campo dell\u2019intrattenimento musicale e dell\u2019animazione\u00a0nei villaggi turistici, si \u00e8 specializzato nell\u2019organizzazione di eventi e ha deciso di dare vita ad un laboratorio teatrale che unisse, in perfetta sinergia, la sua passione e la sua esperienza nel campo musicale con la sua naturale\u00a0verve\u00a0comica\u00a0 per il teatro brillante. Nel progetto sono stati coinvolti\u00a0<em>in primis<\/em>\u00a0amici alla prima esperienza sul palco, talenti naturali di stupefacente simpatia e spontaneit\u00e0; poi, attori navigati che calcavano gi\u00e0 palcoscenici. Il risultato \u00e8 stato sorprendente: uno spettacolo, coinvolgente, mai volgare che appassiona e diverte lo spettatore di tutte le et\u00e0 in uno show che \u00e8 un concentrato di risate, musica e colori. La\u00a0mission\u00a0di questo gruppo eterogeneo il cui \u201ccast\u201d spazia dall\u2019istintivo ed esuberante diciottenne al sessantenne dall\u2019umorismo pungente, \u00e8 quella di fare beneficenza in maniera trasparente e diretta, destinando il ricavato degli spettacoli a scopi umanitari. Un modo, crediamo, per fare del bene, divertendosi in compagnia.<\/p>\n<p style=\"text-align: justify;\">Lo spettacolo che proponiamo vede impegnati circa dodici personaggi in un mix di comicit\u00e0 dal ritmo incalzante, che utilizza il classico <i>clich\u00e9<\/i> a episodi, cio\u00e8 una sequenza di sketch di cabaret della durata di circa 15 minuti ciascuno, intervallati da momenti musicali e esibizioni di danza. Viene cos\u00ec ricreata l\u2019atmosfera che si respirava nel variet\u00e0 e nell\u2019avanspettacolo di \u201c<i>mamma RAI\u201d<\/i> in bianco e nero anni \u201860 in stile Tot\u00f2, Raimondo Vianello e Walter Chiari, i grandi attori italiani che hanno fatto la storia della comicit\u00e0 pulita e semplice. La durata media dello spettacolo \u00e8 di circa 2 ore ma pu\u00f2 variare per adattarsi a esigenze organizzative.<\/p>\n<p><a href=\"http:\/\/www.comicclub.it\/wp-content\/uploads\/2017\/12\/gruppo_2.jpg\" data-rel=\"lightbox-image-1\" data-rl_title=\"\" data-rl_caption=\"\" title=\"\"><img loading=\"lazy\" decoding=\"async\" class=\"alignleft size-large wp-image-2408\" src=\"http:\/\/www.comicclub.it\/wp-content\/uploads\/2017\/12\/gruppo_2-1024x828.jpg\" alt=\"\" width=\"584\" height=\"472\" srcset=\"https:\/\/www.comicclub.it\/wp-content\/uploads\/2017\/12\/gruppo_2-1024x828.jpg 1024w, https:\/\/www.comicclub.it\/wp-content\/uploads\/2017\/12\/gruppo_2-300x243.jpg 300w, https:\/\/www.comicclub.it\/wp-content\/uploads\/2017\/12\/gruppo_2-768x621.jpg 768w, https:\/\/www.comicclub.it\/wp-content\/uploads\/2017\/12\/gruppo_2-371x300.jpg 371w, https:\/\/www.comicclub.it\/wp-content\/uploads\/2017\/12\/gruppo_2.jpg 2048w\" sizes=\"auto, (max-width: 584px) 100vw, 584px\" \/><\/a><\/p>\n<p style=\"text-align: justify;\">\n<p style=\"text-align: justify;\">La compagnia teatrale \u00e8 \u00a0un&#8217;associazione artistico culturale no profit affiliata alla F.I.T.A. (federazione italiana teatro amatori) cod. 2608; rinnova gli spettacoli ogni anno e si propone per rappresentazioni in\u00a0teatri, cinema o piazze\u00a0sia nel periodo invernale che estivo; lo spettacolo \u00e8 adatto a serate organizzate da\u00a0Enti, Associazioni, Circoli, Oratori, Proloco, Comuni, Teatri, Aziende o privati. Una novit\u00e0 del\u00a0Comic Club\u00a0\u00e8 il\u00a0Cabaret a domicilio\u00a0per feste private, che consiste in un estratto di pillole di comicit\u00e0 con il risultato di una esilarante esibizione di 30 minuti.<\/p>\n<p style=\"text-align: justify;\">Il\u00a0Comic Club\u00a0dispone autonomamente di:\u00a0scenografie\u00a0proprie modulari che possono essere adattate sia in teatri indoor che in palcoscenici montati in esterno di varie dimensioni;\u00a0impianto audio\u00a0con amplificazione e diffusione del suono sia per teatri indoor che per piazze;\u00a0consolle per regia audio e luci; impianto luci prosa ed effetti scenici; mezzi per il trasporto delle attrezzature.<\/p>\n<p style=\"text-align: justify;\">Costi:\u00a0Il Comic Club, nella maggior parte dei casi, \u00a0non richiede un\u00a0cachet\u00a0per gli attori, in quanto tutti si esibiscono in forma gratuita per fare beneficenza, ma solo un rimborso spese per i costi vivi quali: impiego di attrezzature, carburante, vitto, materiale di consumo etc.<\/p>\n<p><span style=\"color: #ff0000;\"><strong><em>PERCHE&#8217; RIDERE E&#8217; UNA COSA SERIA!<\/em><\/strong><\/span><\/p>\n","protected":false},"excerpt":{"rendered":"<p>Il laboratorio teatrale\u00a0Comic Club\u00a0nasce nel 2006 a Vicobarone, piccolo borgo della Val Tidone, sui colli piacentini, dall\u2019idea di un gruppo di amici, accomunati dalla passione per il teatro e da valori forti come l\u2019amicizia e la solidariet\u00e0, guidati da\u00a0Graziano Arlenghi, &hellip; <a href=\"https:\/\/www.comicclub.it\/index.php\/chi-siamo\/\">Continua a leggere<span class=\"meta-nav\">&rarr;<\/span><\/a><\/p>\n","protected":false},"author":2,"featured_media":0,"parent":0,"menu_order":1,"comment_status":"closed","ping_status":"closed","template":"","meta":{"footnotes":""},"class_list":["post-13","page","type-page","status-publish","hentry"],"_links":{"self":[{"href":"https:\/\/www.comicclub.it\/index.php\/wp-json\/wp\/v2\/pages\/13","targetHints":{"allow":["GET"]}}],"collection":[{"href":"https:\/\/www.comicclub.it\/index.php\/wp-json\/wp\/v2\/pages"}],"about":[{"href":"https:\/\/www.comicclub.it\/index.php\/wp-json\/wp\/v2\/types\/page"}],"author":[{"embeddable":true,"href":"https:\/\/www.comicclub.it\/index.php\/wp-json\/wp\/v2\/users\/2"}],"replies":[{"embeddable":true,"href":"https:\/\/www.comicclub.it\/index.php\/wp-json\/wp\/v2\/comments?post=13"}],"version-history":[{"count":13,"href":"https:\/\/www.comicclub.it\/index.php\/wp-json\/wp\/v2\/pages\/13\/revisions"}],"predecessor-version":[{"id":2458,"href":"https:\/\/www.comicclub.it\/index.php\/wp-json\/wp\/v2\/pages\/13\/revisions\/2458"}],"wp:attachment":[{"href":"https:\/\/www.comicclub.it\/index.php\/wp-json\/wp\/v2\/media?parent=13"}],"curies":[{"name":"wp","href":"https:\/\/api.w.org\/{rel}","templated":true}]}}