{"id":30,"date":"2013-02-18T18:28:50","date_gmt":"2013-02-18T17:28:50","guid":{"rendered":"http:\/\/www.comicclub.it\/?page_id=30"},"modified":"2026-01-20T10:39:41","modified_gmt":"2026-01-20T09:39:41","slug":"gli-spettacoli","status":"publish","type":"page","link":"https:\/\/www.comicclub.it\/index.php\/gli-spettacoli\/","title":{"rendered":"Spettacolo 2026"},"content":{"rendered":"\n<p>In programmazione da aprile 2026, con il consueto debutto a Borgonovo sul palco del teatro Don Orione SABATO 11 APRILE \u00a0alle 21.00, il nuovo show 2026 uno spettacolo molto vario e davvero divertente. Si alterneranno esibizioni di danza e recitazione, alcune davvero originali e inaspettate! Sar\u00e0 un tuffo nella comicit\u00e0 che vedr\u00e0 impegnati circa dieci personaggi in un mix di umorismo dal ritmo incalzante. Con l\u2019ormai apprezzato clich\u00e9 a episodi, cio\u00e8 una sequenza di scenette di cabaret, inedite e divertenti, della durata di circa 10 minuti ciascuna circa, intervallate da parodie musicali, estratti di musical e coreografie di danza e mimo, l\u2019obiettivo \u00e8 offrire al pubblico un paio d\u2019ore di buonumore e di leggerezza. Due orette filate di teatro all\u2019insegna del variet\u00e0 \u201cvecchia maniera\u201d senza alcuna vena nostalgica, strizzando l\u2019occhio a formule di collaudati programmi moderni di cabaret. Verr\u00e0 cos\u00ec ricreata l\u2019atmosfera che si respirava nel variet\u00e0 anni \u201860-&#8217;70, un\u2019epoca televisiva che il nostro pubblico ricorda con grande piacere, in stile Bramieri, Raimondo Vianello o Walter Chiari, i grandi attori italiani che hanno fatto la storia della comicit\u00e0, pulita e semplice.<\/p>\n\n\n\n<p>Vi aspettiamo per passare una serata di spensieratezza insieme, con lo sguardo, come sempre, rivolto alle iniziative di beneficenza degli ex Allievi di Don Orione, promotori dell&#8217;evento, a cui sar\u00e0 devoluto l\u2019incasso della serata. patrocinata dal Comune di Borgonovo.<\/p>\n\n\n\n<p>Sul palco verranno proposti una decina di sketch che impegneranno tutto lo staff del Comic Club. Tra loro, il direttore di fisiatria dell&#8217;ospedale di Fiorenzuola, il dott. Roberto Antenucci e l\u2019ex medico di famiglia di Borgonovo, oggi\u00a0in pensione, Marco Burzi; l&#8217;insegnante dell\u2019Istituto don Orione, Marco Braga; immancabili le ragazze del corpo di ballo: Cinzia Stucchi, Arianna Daturi, Elena Masarati, Valentina Arlenghi e Elisa Tregnaghi, che ben si destreggiano con disinvoltura anche nelle scenette comiche, interpretando con naturalezza e ironia i ruoli femminili. Fanno parte del gruppo anche Stefano Marzocco, attore comico dalla simpatia innata e spontanea, da Milano; Daniele Fellegara, da Pizzighettone, solarit\u00e0, comicit\u00e0 e allegria contagiose; Andrea Beretta, da Vicobarone, giovane talento che ben si presta ai ruoli pi\u00f9 diversi, da quelli comici fino agli sketch di mimo e Dejvis Balla, diciottenne di Borgonovo, sempre disponibile ad aiutare sul palco e dietro le quinte, ci ha stupiti per la disinvoltura e l&#8217;autoironia nell&#8217;interpretare anche personaggi comici. Tutti guidati dal regista Graziano Arlenghi, artista poliedrico e versatile alla continua ricerca di nuove ispirazioni, che sa vestire i panni dell&#8217;intrattenitore, dell&#8217;attore e del musicista e ha fondato la compagnia nel 2006, dopo anni di lavoro professionista nell\u2019ambito dell\u2019intrattenimento musicale e dell\u2019animazione. Le coreografie sono affidate a Cinzia Stucchi e Elena Masarati, insegnanti di danza e fitness presso la palestra Vitaclub di Borgonovo. <\/p>\n\n\n\n<p><strong>LA TRAMA:<br><\/strong>Ad aprire la serata sar\u00e0 il nostro corpo di ballo che, sulle travolgenti note di <em>The Greatest Showman<\/em>, vi far\u00e0 entrare subito nell\u2019atmosfera scintillante del musical pi\u00f9 sfavillante che ci sia. Da l\u00ec si entra nel vivo dello spettacolo con una carrellata di sketch comici irresistibili: si parte con un esilarante equivoco legato alla preparazione di una misteriosa purga, per poi assistere al provino di due attori\u2026 probabilmente i pi\u00f9 improbabili mai visti su un palcoscenico! Il ritmo non si ferma: in un attimo vi troverete davanti a una scenetta di mimo tanto irriverente quanto divertente, prima di tornare tra le mura domestiche, dove in casa Cornetti regnano agitazione e fermento per la nascita di una nuova creatura. Peccato che quello che dovrebbe essere un momento di gioia si trasformi presto nel presagio di una vera catastrofe! Si cambia poi scenario e si vola a Cinecitt\u00e0, dove un eccentrico regista \u00e8 alle prese con la registrazione di un film decisamente complicato. A seguire, spazio a una divertente scenetta ispirata alle dinamiche di coppia in perfetto stile \u201ccasa Vianello\u201d, tra battute brillanti e quel tipico umorismo sottile che fa sempre centro. Non mancher\u00e0 un momento pi\u00f9 emozionale, capace di toccare il cuore, accompagnato dalle note dolci e avvolgenti di un celebre brano di Vangelis. E, puntuali anche quest\u2019anno, tornano le parodie comiche dei musical pi\u00f9 amati, le coreografie del nostro corpo di ballo, le canzoni comiche tanto apprezzate dal pubblico\u2026 e molto altro ancora (mica possiamo svelarvi tutto!). Insomma, uno spettacolo da ridere, emozionarsi e gustare dall\u2019inizio alla fine, adatto a tutte le fasce d\u2019et\u00e0.<\/p>\n\n\n\n<p><strong>Cast<\/strong>: Marco Burzi, Graziano Arlenghi, Marco Braga, Roberto Antenucci, Stefano Marzocco, Daniele Fellegara, Dejvis Balla, Cinzia Stucchi, Elena Masarati, Arianna Daturi, Valentina Arlenghi, Elisa Tregnaghi, Claudia Curti.<br><strong>Regia<\/strong>: Graziano Arlenghi<br><strong>Responsabile regia audio e luci<\/strong>: Alessandro Arlenghi<br><strong>Assistente regia luci<\/strong>: Francesco Crovelli<br><strong>Responsabile palco<\/strong>: Claudia Curti<br><strong>Attrezzista<\/strong>: Vittorio Crovelli<\/p>\n\n\n\n<figure class=\"wp-block-image size-large\"><a href=\"https:\/\/www.comicclub.it\/wp-content\/uploads\/2025\/03\/borgonovo_03.jpg\" data-rel=\"lightbox-image-0\" data-rl_title=\"\" data-rl_caption=\"\" title=\"\"><img loading=\"lazy\" decoding=\"async\" width=\"1024\" height=\"682\" src=\"https:\/\/www.comicclub.it\/wp-content\/uploads\/2025\/03\/borgonovo_03-1024x682.jpg\" alt=\"\" class=\"wp-image-3576\" srcset=\"https:\/\/www.comicclub.it\/wp-content\/uploads\/2025\/03\/borgonovo_03-1024x682.jpg 1024w, https:\/\/www.comicclub.it\/wp-content\/uploads\/2025\/03\/borgonovo_03-300x200.jpg 300w, https:\/\/www.comicclub.it\/wp-content\/uploads\/2025\/03\/borgonovo_03-768x512.jpg 768w, https:\/\/www.comicclub.it\/wp-content\/uploads\/2025\/03\/borgonovo_03-1536x1023.jpg 1536w, https:\/\/www.comicclub.it\/wp-content\/uploads\/2025\/03\/borgonovo_03-450x300.jpg 450w, https:\/\/www.comicclub.it\/wp-content\/uploads\/2025\/03\/borgonovo_03.jpg 1600w\" sizes=\"auto, (max-width: 1024px) 100vw, 1024px\" \/><\/a><\/figure>\n","protected":false},"excerpt":{"rendered":"<p>In programmazione da aprile 2026, con il consueto debutto a Borgonovo sul palco del teatro Don Orione SABATO 11 APRILE \u00a0alle 21.00, il nuovo show 2026 uno spettacolo molto vario e davvero divertente. Si alterneranno esibizioni di danza e recitazione, &hellip; <a href=\"https:\/\/www.comicclub.it\/index.php\/gli-spettacoli\/\">Continua a leggere<span class=\"meta-nav\">&rarr;<\/span><\/a><\/p>\n","protected":false},"author":2,"featured_media":0,"parent":0,"menu_order":3,"comment_status":"closed","ping_status":"closed","template":"","meta":{"footnotes":""},"class_list":["post-30","page","type-page","status-publish","hentry"],"_links":{"self":[{"href":"https:\/\/www.comicclub.it\/index.php\/wp-json\/wp\/v2\/pages\/30","targetHints":{"allow":["GET"]}}],"collection":[{"href":"https:\/\/www.comicclub.it\/index.php\/wp-json\/wp\/v2\/pages"}],"about":[{"href":"https:\/\/www.comicclub.it\/index.php\/wp-json\/wp\/v2\/types\/page"}],"author":[{"embeddable":true,"href":"https:\/\/www.comicclub.it\/index.php\/wp-json\/wp\/v2\/users\/2"}],"replies":[{"embeddable":true,"href":"https:\/\/www.comicclub.it\/index.php\/wp-json\/wp\/v2\/comments?post=30"}],"version-history":[{"count":74,"href":"https:\/\/www.comicclub.it\/index.php\/wp-json\/wp\/v2\/pages\/30\/revisions"}],"predecessor-version":[{"id":3726,"href":"https:\/\/www.comicclub.it\/index.php\/wp-json\/wp\/v2\/pages\/30\/revisions\/3726"}],"wp:attachment":[{"href":"https:\/\/www.comicclub.it\/index.php\/wp-json\/wp\/v2\/media?parent=30"}],"curies":[{"name":"wp","href":"https:\/\/api.w.org\/{rel}","templated":true}]}}