{"id":867,"date":"2014-04-16T09:59:10","date_gmt":"2014-04-16T07:59:10","guid":{"rendered":"http:\/\/www.comicclub.it\/?page_id=867"},"modified":"2023-10-12T11:07:28","modified_gmt":"2023-10-12T09:07:28","slug":"partners","status":"publish","type":"page","link":"https:\/\/www.comicclub.it\/index.php\/partners\/","title":{"rendered":"Partners"},"content":{"rendered":"<h2><span style=\"color: #ff0000;\">QUESTI SONO I NOSTRI PARTNERS 2023!<\/span><\/h2>\n<p><a href=\"http:\/\/www.comicclub.it\/wp-content\/uploads\/2014\/04\/mani01-copia.jpg\" data-rel=\"lightbox-image-0\" data-rl_title=\"\" data-rl_caption=\"\" title=\"\"><img loading=\"lazy\" decoding=\"async\" class=\"alignright size-medium wp-image-884\" style=\"margin: 5px;\" src=\"http:\/\/www.comicclub.it\/wp-content\/uploads\/2014\/04\/mani01-copia-300x212.jpg\" alt=\"mani\" width=\"300\" height=\"212\" srcset=\"https:\/\/www.comicclub.it\/wp-content\/uploads\/2014\/04\/mani01-copia-300x212.jpg 300w, https:\/\/www.comicclub.it\/wp-content\/uploads\/2014\/04\/mani01-copia-600x425.jpg 600w, https:\/\/www.comicclub.it\/wp-content\/uploads\/2014\/04\/mani01-copia-422x300.jpg 422w, https:\/\/www.comicclub.it\/wp-content\/uploads\/2014\/04\/mani01-copia.jpg 879w\" sizes=\"auto, (max-width: 300px) 100vw, 300px\" \/><\/a>Lo staff del Comic Club ringrazia di cuore tutte le aziende partner perch\u00e9 grazie al loro generoso contributo possiamo continuare a sostenere la nostra attivit\u00e0 teatrale no profit e raggiungere l&#8217;obiettivo pi\u00f9 importante: fare beneficenza\u00a0sul nostro territorio\u00a0in maniera diretta e trasparente nei confronti di chi ha bisogno attraverso i fondi raccolti durante gli spettacoli.<\/p>\n<hr \/>\n<p><a href=\"http:\/\/www.comicclub.it\/wp-content\/uploads\/2018\/02\/immagine-copertinax.jpg\" data-rel=\"lightbox-image-1\" data-rl_title=\"\" data-rl_caption=\"\" title=\"\"><img loading=\"lazy\" decoding=\"async\" class=\"aligncenter size-full wp-image-2443\" src=\"http:\/\/www.comicclub.it\/wp-content\/uploads\/2018\/02\/immagine-copertinax.jpg\" alt=\"\" width=\"976\" height=\"322\" srcset=\"https:\/\/www.comicclub.it\/wp-content\/uploads\/2018\/02\/immagine-copertinax.jpg 976w, https:\/\/www.comicclub.it\/wp-content\/uploads\/2018\/02\/immagine-copertinax-300x99.jpg 300w, https:\/\/www.comicclub.it\/wp-content\/uploads\/2018\/02\/immagine-copertinax-768x253.jpg 768w, https:\/\/www.comicclub.it\/wp-content\/uploads\/2018\/02\/immagine-copertinax-500x165.jpg 500w\" sizes=\"auto, (max-width: 976px) 100vw, 976px\" \/><\/a><\/p>\n<h2>PALESTRA VITA CLUB<\/h2>\n<p>PALESTRA\u00a0 che PROMUOVE l\u2019ATTIVITA\u2019 FISICA e la SALUTE sia preventiva che riabilitativa:attivit\u00e0 motoria per soggetti con scompensi cardiaci; attivit\u00e0 motoria per soggetti con diabete.<\/p>\n<p>Apre i battenti nel 2011. Palestra di ultima generazione situata a Borgonovo Valtidone, in una zona facilmente raggiungibile, con ampio parcheggio adiacente. Offre un ambiente luminoso, rilassante e accogliente in cui concedersi un momento di assoluta serenit\u00e0, lontani dallo stress della vita quotidiana, per dedicarsi alla cura di s\u00e9 e del proprio corpo.<\/p>\n<p>Le tre macro aree al piano terreno sono: la SALA CARDIO-PESI, la SALA CORSI e un GRANDE INGRESSO-ACCOGLIENZA; al piano superiore, grandi spogliatoi.<\/p>\n<p>La palestra \u00e8 dotata di aria condizionata. Vitaclub \u00e8 gestita da uno staff disponibile e cordiale di esperti del settore, in grado di accogliere anche il cliente pi\u00f9 esigente e seguirlo passo per passo nella realizzazione delle sue aspettative.<\/p>\n<hr \/>\n<p><a href=\"https:\/\/www.comicclub.it\/wp-content\/uploads\/2023\/10\/logo-bcc.jpg\" data-rel=\"lightbox-image-2\" data-rl_title=\"\" data-rl_caption=\"\" title=\"\"><img loading=\"lazy\" decoding=\"async\" class=\"wp-image-3315 size-medium alignleft\" src=\"https:\/\/www.comicclub.it\/wp-content\/uploads\/2023\/10\/logo-bcc-300x73.jpg\" alt=\"\" width=\"300\" height=\"73\" srcset=\"https:\/\/www.comicclub.it\/wp-content\/uploads\/2023\/10\/logo-bcc-300x73.jpg 300w, https:\/\/www.comicclub.it\/wp-content\/uploads\/2023\/10\/logo-bcc-768x186.jpg 768w, https:\/\/www.comicclub.it\/wp-content\/uploads\/2023\/10\/logo-bcc-500x121.jpg 500w, https:\/\/www.comicclub.it\/wp-content\/uploads\/2023\/10\/logo-bcc.jpg 842w\" sizes=\"auto, (max-width: 300px) 100vw, 300px\" \/><\/a><\/p>\n<h2>BCC EMILBANCA<\/h2>\n<p>Bcc Emilbanca \u00e8 una Banca che non ha scopo di lucro.<br \/>Una Banca realmente cooperativa e mutualistica, al servizio dei Soci e del territorio.<br \/>Una Banca fatta di persone, per le persone che sa ascoltare e rispondere attraverso un sistema bancario basato su valori specifici e associativi alle reali esigenze delle persone, accompagnandoli nei loro percorsi di vita.<\/p>\n<hr \/>\n<h2>AGRITURISMO LA PIANTATA<\/h2>\n<p><a href=\"http:\/\/www.comicclub.it\/wp-content\/uploads\/2018\/02\/Logo.jpg\" data-rel=\"lightbox-image-3\" data-rl_title=\"\" data-rl_caption=\"\" title=\"\"><img loading=\"lazy\" decoding=\"async\" class=\"alignleft size-medium wp-image-2449\" src=\"http:\/\/www.comicclub.it\/wp-content\/uploads\/2018\/02\/Logo-300x200.jpg\" alt=\"\" width=\"300\" height=\"200\" \/><\/a>B&amp;B situato ad Arlena di Castro (Viterbo), immerso nel verde della maremma laziale per soggiorni di charme, in assoluto relax e week end romantici. A disposizione degli ospiti, 4 camere matrimoniali, 3 appartamentini, 2 meravigliose case sull&#8217;albero a 8 metri da terra e 2 suite glamping.<\/p>\n<p>Produzione e vendita di prodotti biologici (miele di lavanda e olio extra vergine di oliva) e prodotti alla lavanda.<\/p>\n<hr \/>\n<h2>RIPARAZIONI SARTORIALI LA CUCITURA<\/h2>\n<p><a href=\"http:\/\/www.comicclub.it\/wp-content\/uploads\/2020\/02\/la-cucitura-img.jpg\" data-rel=\"lightbox-image-4\" data-rl_title=\"\" data-rl_caption=\"\" title=\"\"><img loading=\"lazy\" decoding=\"async\" class=\"wp-image-2882 size-medium alignleft\" src=\"http:\/\/www.comicclub.it\/wp-content\/uploads\/2020\/02\/la-cucitura-img-300x181.jpg\" alt=\"\" width=\"300\" height=\"181\" srcset=\"https:\/\/www.comicclub.it\/wp-content\/uploads\/2020\/02\/la-cucitura-img-300x181.jpg 300w, https:\/\/www.comicclub.it\/wp-content\/uploads\/2020\/02\/la-cucitura-img-1024x619.jpg 1024w, https:\/\/www.comicclub.it\/wp-content\/uploads\/2020\/02\/la-cucitura-img-768x464.jpg 768w, https:\/\/www.comicclub.it\/wp-content\/uploads\/2020\/02\/la-cucitura-img-496x300.jpg 496w, https:\/\/www.comicclub.it\/wp-content\/uploads\/2020\/02\/la-cucitura-img.jpg 1075w\" sizes=\"auto, (max-width: 300px) 100vw, 300px\" \/><\/a>Riparazioni sartoriali di Lucia Chiorato.<\/p>\n<p>Per merito delle sue mani d&#8217;oro i nostri costumi sono sempre bellissimi!<\/p>\n<p>\u00a0<\/p>\n<p>\u00a0<\/p>\n<hr \/>\n<p><strong>MUSIC&amp;PARTY SERVICE<\/strong><\/p>\n\n<div class=\"wp-block-image\">\n<figure class=\"alignleft size-full\"><a href=\"https:\/\/www.comicclub.it\/wp-content\/uploads\/2023\/10\/Logo-bn-MP-2.jpg\" data-rel=\"lightbox-image-5\" data-rl_title=\"\" data-rl_caption=\"\" title=\"\"><img loading=\"lazy\" decoding=\"async\" width=\"435\" height=\"242\" src=\"https:\/\/www.comicclub.it\/wp-content\/uploads\/2023\/10\/Logo-bn-MP-2.jpg\" alt=\"\" class=\"wp-image-3321\" srcset=\"https:\/\/www.comicclub.it\/wp-content\/uploads\/2023\/10\/Logo-bn-MP-2.jpg 435w, https:\/\/www.comicclub.it\/wp-content\/uploads\/2023\/10\/Logo-bn-MP-2-300x167.jpg 300w\" sizes=\"auto, (max-width: 435px) 100vw, 435px\" \/><\/a><\/figure>\n<\/div>\n\n\n<p>Service audio luci, organizzazione eventi ed intrattenimento musicale.<\/p>\n\n\n\n<p>Per info Graziano Arlenghi tel. 3334526521<\/p>\n","protected":false},"excerpt":{"rendered":"<p>QUESTI SONO I NOSTRI PARTNERS 2023! Lo staff del Comic Club ringrazia di cuore tutte le aziende partner perch\u00e9 grazie al loro generoso contributo possiamo continuare a sostenere la nostra attivit\u00e0 teatrale no profit e raggiungere l&#8217;obiettivo pi\u00f9 importante: fare &hellip; <a href=\"https:\/\/www.comicclub.it\/index.php\/partners\/\">Continua a leggere<span class=\"meta-nav\">&rarr;<\/span><\/a><\/p>\n","protected":false},"author":2,"featured_media":0,"parent":0,"menu_order":9,"comment_status":"closed","ping_status":"closed","template":"","meta":{"footnotes":""},"class_list":["post-867","page","type-page","status-publish","hentry"],"_links":{"self":[{"href":"https:\/\/www.comicclub.it\/index.php\/wp-json\/wp\/v2\/pages\/867","targetHints":{"allow":["GET"]}}],"collection":[{"href":"https:\/\/www.comicclub.it\/index.php\/wp-json\/wp\/v2\/pages"}],"about":[{"href":"https:\/\/www.comicclub.it\/index.php\/wp-json\/wp\/v2\/types\/page"}],"author":[{"embeddable":true,"href":"https:\/\/www.comicclub.it\/index.php\/wp-json\/wp\/v2\/users\/2"}],"replies":[{"embeddable":true,"href":"https:\/\/www.comicclub.it\/index.php\/wp-json\/wp\/v2\/comments?post=867"}],"version-history":[{"count":70,"href":"https:\/\/www.comicclub.it\/index.php\/wp-json\/wp\/v2\/pages\/867\/revisions"}],"predecessor-version":[{"id":3322,"href":"https:\/\/www.comicclub.it\/index.php\/wp-json\/wp\/v2\/pages\/867\/revisions\/3322"}],"wp:attachment":[{"href":"https:\/\/www.comicclub.it\/index.php\/wp-json\/wp\/v2\/media?parent=867"}],"curies":[{"name":"wp","href":"https:\/\/api.w.org\/{rel}","templated":true}]}}